{"id":3915,"date":"2022-08-18T08:39:34","date_gmt":"2022-08-18T12:39:34","guid":{"rendered":"https:\/\/patrickalarie.b.aliquando.immo\/?page_id=3915"},"modified":"2026-04-14T21:05:32","modified_gmt":"2026-04-15T01:05:32","slug":"equipe","status":"publish","type":"page","link":"https:\/\/patrickalarie.com\/en\/equipe\/","title":{"rendered":"Team"},"content":{"rendered":"","protected":false},"excerpt":{"rendered":"","protected":false},"author":121,"featured_media":0,"parent":0,"menu_order":0,"comment_status":"closed","ping_status":"closed","template":"page-templates\/advanced_page.php","meta":{"_acf_changed":false,"footnotes":""},"class_list":["post-3915","page","type-page","status-publish","hentry"],"acf":[],"yoast_head":"<!-- This site is optimized with the Yoast SEO plugin v26.7 - https:\/\/yoast.com\/wordpress\/plugins\/seo\/ -->\n<title>Patrick Alarie et son \u00e9quipe de courtiers immobiliers \u00e0 Qu\u00e9bec<\/title>\n<meta name=\"description\" content=\"Patrick Alarie est un leader dans son domaine, Nathalie Gigu\u00e8re courtier immobilier r\u00e9sidentiel et Amara Asselin, flip immobilier et pr\u00e9paration de valeur marchande de votre propri\u00e9t\u00e9\" \/>\n<meta name=\"robots\" content=\"index, follow, max-snippet:-1, max-image-preview:large, max-video-preview:-1\" \/>\n<link rel=\"canonical\" href=\"https:\/\/patrickalarie.com\/equipe\/\" \/>\n<meta property=\"og:locale\" content=\"en_US\" \/>\n<meta property=\"og:type\" content=\"article\" \/>\n<meta property=\"og:title\" content=\"Patrick Alarie et son \u00e9quipe de courtiers immobiliers \u00e0 Qu\u00e9bec\" \/>\n<meta property=\"og:description\" content=\"Patrick Alarie est un leader dans son domaine, Nathalie Gigu\u00e8re courtier immobilier r\u00e9sidentiel et Amara Asselin, flip immobilier et pr\u00e9paration de valeur marchande de votre propri\u00e9t\u00e9\" \/>\n<meta property=\"og:url\" content=\"https:\/\/patrickalarie.com\/equipe\/\" \/>\n<meta property=\"og:site_name\" content=\"Patrick Alarie and his team - RE\/MAX Qu\u00e9bec\" \/>\n<meta property=\"article:publisher\" content=\"https:\/\/www.facebook.com\/Patrick-Alarie-Remax-373741616015148\/\" \/>\n<meta property=\"article:modified_time\" content=\"2026-04-15T01:05:32+00:00\" \/>\n<meta property=\"og:image\" content=\"https:\/\/patrickalarie.com\/files\/2025\/10\/Header_Facebook2025.png\" \/>\n<meta name=\"twitter:card\" content=\"summary_large_image\" \/>\n<meta name=\"twitter:image\" content=\"https:\/\/patrickalarie.com\/files\/2025\/10\/Header_Facebook2025.png\" \/>\n<meta name=\"twitter:site\" content=\"@Patrickalarie2\" \/>\n<script type=\"application\/ld+json\" class=\"yoast-schema-graph\">{\"@context\":\"https:\/\/schema.org\",\"@graph\":[{\"@type\":\"WebPage\",\"@id\":\"https:\/\/patrickalarie.com\/equipe\/\",\"url\":\"https:\/\/patrickalarie.com\/equipe\/\",\"name\":\"Patrick Alarie et son \u00e9quipe de courtiers immobiliers \u00e0 Qu\u00e9bec\",\"isPartOf\":{\"@id\":\"https:\/\/patrickalarie.com\/#website\"},\"datePublished\":\"2022-08-18T12:39:34+00:00\",\"dateModified\":\"2026-04-15T01:05:32+00:00\",\"description\":\"Patrick Alarie est un leader dans son domaine, Nathalie Gigu\u00e8re courtier immobilier r\u00e9sidentiel et Amara Asselin, flip immobilier et pr\u00e9paration de valeur marchande de votre propri\u00e9t\u00e9\",\"breadcrumb\":{\"@id\":\"https:\/\/patrickalarie.com\/equipe\/#breadcrumb\"},\"inLanguage\":\"en-US\",\"potentialAction\":[{\"@type\":\"ReadAction\",\"target\":[\"https:\/\/patrickalarie.com\/equipe\/\"]}]},{\"@type\":\"BreadcrumbList\",\"@id\":\"https:\/\/patrickalarie.com\/equipe\/#breadcrumb\",\"itemListElement\":[{\"@type\":\"ListItem\",\"position\":1,\"name\":\"Accueil\",\"item\":\"https:\/\/patrickalarie.com\/\"},{\"@type\":\"ListItem\",\"position\":2,\"name\":\"\u00c9quipe\"}]},{\"@type\":\"WebSite\",\"@id\":\"https:\/\/patrickalarie.com\/#website\",\"url\":\"https:\/\/patrickalarie.com\/\",\"name\":\"Patrick Alarie and his team - RE\/MAX Qu\u00e9bec\",\"description\":\"Real Estate Brokers\",\"potentialAction\":[{\"@type\":\"SearchAction\",\"target\":{\"@type\":\"EntryPoint\",\"urlTemplate\":\"https:\/\/patrickalarie.com\/?s={search_term_string}\"},\"query-input\":{\"@type\":\"PropertyValueSpecification\",\"valueRequired\":true,\"valueName\":\"search_term_string\"}}],\"inLanguage\":\"en-US\"}]}<\/script>\n<!-- \/ Yoast SEO plugin. -->","yoast_head_json":{"title":"Patrick Alarie et son \u00e9quipe de courtiers immobiliers \u00e0 Qu\u00e9bec","description":"Patrick Alarie est un leader dans son domaine, Nathalie Gigu\u00e8re courtier immobilier r\u00e9sidentiel et Amara Asselin, flip immobilier et pr\u00e9paration de valeur marchande de votre propri\u00e9t\u00e9","robots":{"index":"index","follow":"follow","max-snippet":"max-snippet:-1","max-image-preview":"max-image-preview:large","max-video-preview":"max-video-preview:-1"},"canonical":"https:\/\/patrickalarie.com\/equipe\/","og_locale":"en_US","og_type":"article","og_title":"Patrick Alarie et son \u00e9quipe de courtiers immobiliers \u00e0 Qu\u00e9bec","og_description":"Patrick Alarie est un leader dans son domaine, Nathalie Gigu\u00e8re courtier immobilier r\u00e9sidentiel et Amara Asselin, flip immobilier et pr\u00e9paration de valeur marchande de votre propri\u00e9t\u00e9","og_url":"https:\/\/patrickalarie.com\/equipe\/","og_site_name":"Patrick Alarie and his team - RE\/MAX Qu\u00e9bec","article_publisher":"https:\/\/www.facebook.com\/Patrick-Alarie-Remax-373741616015148\/","article_modified_time":"2026-04-15T01:05:32+00:00","og_image":[{"url":"https:\/\/patrickalarie.com\/files\/2025\/10\/Header_Facebook2025.png","type":"","width":"","height":""}],"twitter_card":"summary_large_image","twitter_image":"https:\/\/patrickalarie.com\/files\/2025\/10\/Header_Facebook2025.png","twitter_site":"@Patrickalarie2","schema":{"@context":"https:\/\/schema.org","@graph":[{"@type":"WebPage","@id":"https:\/\/patrickalarie.com\/equipe\/","url":"https:\/\/patrickalarie.com\/equipe\/","name":"Patrick Alarie et son \u00e9quipe de courtiers immobiliers \u00e0 Qu\u00e9bec","isPartOf":{"@id":"https:\/\/patrickalarie.com\/#website"},"datePublished":"2022-08-18T12:39:34+00:00","dateModified":"2026-04-15T01:05:32+00:00","description":"Patrick Alarie est un leader dans son domaine, Nathalie Gigu\u00e8re courtier immobilier r\u00e9sidentiel et Amara Asselin, flip immobilier et pr\u00e9paration de valeur marchande de votre propri\u00e9t\u00e9","breadcrumb":{"@id":"https:\/\/patrickalarie.com\/equipe\/#breadcrumb"},"inLanguage":"en-US","potentialAction":[{"@type":"ReadAction","target":["https:\/\/patrickalarie.com\/equipe\/"]}]},{"@type":"BreadcrumbList","@id":"https:\/\/patrickalarie.com\/equipe\/#breadcrumb","itemListElement":[{"@type":"ListItem","position":1,"name":"Accueil","item":"https:\/\/patrickalarie.com\/"},{"@type":"ListItem","position":2,"name":"\u00c9quipe"}]},{"@type":"WebSite","@id":"https:\/\/patrickalarie.com\/#website","url":"https:\/\/patrickalarie.com\/","name":"Patrick Alarie and his team - RE\/MAX Qu\u00e9bec","description":"Real Estate Brokers","potentialAction":[{"@type":"SearchAction","target":{"@type":"EntryPoint","urlTemplate":"https:\/\/patrickalarie.com\/?s={search_term_string}"},"query-input":{"@type":"PropertyValueSpecification","valueRequired":true,"valueName":"search_term_string"}}],"inLanguage":"en-US"}]}},"_links":{"self":[{"href":"https:\/\/patrickalarie.com\/en\/wp-json\/wp\/v2\/pages\/3915","targetHints":{"allow":["GET"]}}],"collection":[{"href":"https:\/\/patrickalarie.com\/en\/wp-json\/wp\/v2\/pages"}],"about":[{"href":"https:\/\/patrickalarie.com\/en\/wp-json\/wp\/v2\/types\/page"}],"author":[{"embeddable":true,"href":"https:\/\/patrickalarie.com\/en\/wp-json\/wp\/v2\/users\/121"}],"replies":[{"embeddable":true,"href":"https:\/\/patrickalarie.com\/en\/wp-json\/wp\/v2\/comments?post=3915"}],"version-history":[{"count":2,"href":"https:\/\/patrickalarie.com\/en\/wp-json\/wp\/v2\/pages\/3915\/revisions"}],"predecessor-version":[{"id":5758,"href":"https:\/\/patrickalarie.com\/en\/wp-json\/wp\/v2\/pages\/3915\/revisions\/5758"}],"wp:attachment":[{"href":"https:\/\/patrickalarie.com\/en\/wp-json\/wp\/v2\/media?parent=3915"}],"curies":[{"name":"wp","href":"https:\/\/api.w.org\/{rel}","templated":true}]}}