{"id":1462,"date":"2019-10-29T13:31:03","date_gmt":"2019-10-29T17:31:03","guid":{"rendered":"\/?page_id=1462"},"modified":"2019-10-29T13:34:08","modified_gmt":"2019-10-29T17:34:08","slug":"referez-moi","status":"publish","type":"page","link":"https:\/\/patrickalarie.com\/en\/me-contacter\/referez-moi\/","title":{"rendered":"(Fran\u00e7ais) R\u00e9f\u00e9rez-moi!"},"content":{"rendered":"<p class=\"qtranxs-available-languages-message qtranxs-available-languages-message-en\">Sorry, this entry is only available in <a href=\"https:\/\/patrickalarie.com\/fr\/wp-json\/wp\/v2\/pages\/1462\" class=\"qtranxs-available-language-link qtranxs-available-language-link-fr\" title=\"Fran\u00e7ais\">Fran\u00e7ais<\/a>.<\/p>","protected":false},"excerpt":{"rendered":"<p>Sorry, this entry is only available in Fran\u00e7ais.<\/p>\n","protected":false},"author":121,"featured_media":0,"parent":34,"menu_order":0,"comment_status":"closed","ping_status":"closed","template":"page-fullwidth.php","meta":{"_acf_changed":false,"footnotes":""},"class_list":["post-1462","page","type-page","status-publish","hentry"],"acf":[],"yoast_head":"<!-- This site is optimized with the Yoast SEO plugin v26.7 - https:\/\/yoast.com\/wordpress\/plugins\/seo\/ -->\n<title>(Fran\u00e7ais) R\u00e9f\u00e9rez-moi! - Patrick Alarie and his team - RE\/MAX Qu\u00e9bec<\/title>\n<meta name=\"robots\" content=\"index, follow, max-snippet:-1, max-image-preview:large, max-video-preview:-1\" \/>\n<link rel=\"canonical\" href=\"https:\/\/patrickalarie.com\/en\/me-contacter\/referez-moi\/\" \/>\n<meta property=\"og:locale\" content=\"en_US\" \/>\n<meta property=\"og:type\" content=\"article\" \/>\n<meta property=\"og:title\" content=\"(Fran\u00e7ais) R\u00e9f\u00e9rez-moi! - Patrick Alarie and his team - RE\/MAX Qu\u00e9bec\" \/>\n<meta property=\"og:description\" content=\"Sorry, this entry is only available in Fran\u00e7ais.\" \/>\n<meta property=\"og:url\" content=\"https:\/\/patrickalarie.com\/en\/me-contacter\/referez-moi\/\" \/>\n<meta property=\"og:site_name\" content=\"Patrick Alarie and his team - RE\/MAX Qu\u00e9bec\" \/>\n<meta property=\"article:publisher\" content=\"https:\/\/www.facebook.com\/Patrick-Alarie-Remax-373741616015148\/\" \/>\n<meta property=\"article:modified_time\" content=\"2019-10-29T17:34:08+00:00\" \/>\n<meta property=\"og:image\" content=\"https:\/\/patrickalarie.com\/files\/2025\/10\/Header_Facebook2025.png\" \/>\n<meta name=\"twitter:card\" content=\"summary_large_image\" \/>\n<meta name=\"twitter:image\" content=\"https:\/\/patrickalarie.com\/files\/2025\/10\/Header_Facebook2025.png\" \/>\n<meta name=\"twitter:site\" content=\"@Patrickalarie2\" \/>\n<script type=\"application\/ld+json\" class=\"yoast-schema-graph\">{\"@context\":\"https:\/\/schema.org\",\"@graph\":[{\"@type\":\"WebPage\",\"@id\":\"https:\/\/patrickalarie.com\/en\/me-contacter\/referez-moi\/\",\"url\":\"https:\/\/patrickalarie.com\/en\/me-contacter\/referez-moi\/\",\"name\":\"[:fr]R\u00e9f\u00e9rez-moi![:] - Patrick Alarie and his team - RE\/MAX Qu\u00e9bec\",\"isPartOf\":{\"@id\":\"https:\/\/patrickalarie.com\/#website\"},\"datePublished\":\"2019-10-29T17:31:03+00:00\",\"dateModified\":\"2019-10-29T17:34:08+00:00\",\"breadcrumb\":{\"@id\":\"https:\/\/patrickalarie.com\/en\/me-contacter\/referez-moi\/#breadcrumb\"},\"inLanguage\":\"en-US\",\"potentialAction\":[{\"@type\":\"ReadAction\",\"target\":[\"https:\/\/patrickalarie.com\/en\/me-contacter\/referez-moi\/\"]}]},{\"@type\":\"BreadcrumbList\",\"@id\":\"https:\/\/patrickalarie.com\/en\/me-contacter\/referez-moi\/#breadcrumb\",\"itemListElement\":[{\"@type\":\"ListItem\",\"position\":1,\"name\":\"Accueil\",\"item\":\"https:\/\/patrickalarie.com\/\"},{\"@type\":\"ListItem\",\"position\":2,\"name\":\"Contact Us\",\"item\":\"https:\/\/patrickalarie.com\/en\/me-contacter\/\"},{\"@type\":\"ListItem\",\"position\":3,\"name\":\"(Fran\u00e7ais) R\u00e9f\u00e9rez-moi!\"}]},{\"@type\":\"WebSite\",\"@id\":\"https:\/\/patrickalarie.com\/#website\",\"url\":\"https:\/\/patrickalarie.com\/\",\"name\":\"Patrick Alarie and his team - RE\/MAX Qu\u00e9bec\",\"description\":\"Real Estate Brokers\",\"potentialAction\":[{\"@type\":\"SearchAction\",\"target\":{\"@type\":\"EntryPoint\",\"urlTemplate\":\"https:\/\/patrickalarie.com\/?s={search_term_string}\"},\"query-input\":{\"@type\":\"PropertyValueSpecification\",\"valueRequired\":true,\"valueName\":\"search_term_string\"}}],\"inLanguage\":\"en-US\"}]}<\/script>\n<!-- \/ Yoast SEO plugin. -->","yoast_head_json":{"title":"(Fran\u00e7ais) R\u00e9f\u00e9rez-moi! - Patrick Alarie and his team - RE\/MAX Qu\u00e9bec","robots":{"index":"index","follow":"follow","max-snippet":"max-snippet:-1","max-image-preview":"max-image-preview:large","max-video-preview":"max-video-preview:-1"},"canonical":"https:\/\/patrickalarie.com\/en\/me-contacter\/referez-moi\/","og_locale":"en_US","og_type":"article","og_title":"(Fran\u00e7ais) R\u00e9f\u00e9rez-moi! - Patrick Alarie and his team - RE\/MAX Qu\u00e9bec","og_description":"Sorry, this entry is only available in Fran\u00e7ais.","og_url":"https:\/\/patrickalarie.com\/en\/me-contacter\/referez-moi\/","og_site_name":"Patrick Alarie and his team - RE\/MAX Qu\u00e9bec","article_publisher":"https:\/\/www.facebook.com\/Patrick-Alarie-Remax-373741616015148\/","article_modified_time":"2019-10-29T17:34:08+00:00","og_image":[{"url":"https:\/\/patrickalarie.com\/files\/2025\/10\/Header_Facebook2025.png","type":"","width":"","height":""}],"twitter_card":"summary_large_image","twitter_image":"https:\/\/patrickalarie.com\/files\/2025\/10\/Header_Facebook2025.png","twitter_site":"@Patrickalarie2","schema":{"@context":"https:\/\/schema.org","@graph":[{"@type":"WebPage","@id":"https:\/\/patrickalarie.com\/en\/me-contacter\/referez-moi\/","url":"https:\/\/patrickalarie.com\/en\/me-contacter\/referez-moi\/","name":"[:fr]R\u00e9f\u00e9rez-moi![:] - Patrick Alarie and his team - RE\/MAX Qu\u00e9bec","isPartOf":{"@id":"https:\/\/patrickalarie.com\/#website"},"datePublished":"2019-10-29T17:31:03+00:00","dateModified":"2019-10-29T17:34:08+00:00","breadcrumb":{"@id":"https:\/\/patrickalarie.com\/en\/me-contacter\/referez-moi\/#breadcrumb"},"inLanguage":"en-US","potentialAction":[{"@type":"ReadAction","target":["https:\/\/patrickalarie.com\/en\/me-contacter\/referez-moi\/"]}]},{"@type":"BreadcrumbList","@id":"https:\/\/patrickalarie.com\/en\/me-contacter\/referez-moi\/#breadcrumb","itemListElement":[{"@type":"ListItem","position":1,"name":"Accueil","item":"https:\/\/patrickalarie.com\/"},{"@type":"ListItem","position":2,"name":"Contact Us","item":"https:\/\/patrickalarie.com\/en\/me-contacter\/"},{"@type":"ListItem","position":3,"name":"(Fran\u00e7ais) R\u00e9f\u00e9rez-moi!"}]},{"@type":"WebSite","@id":"https:\/\/patrickalarie.com\/#website","url":"https:\/\/patrickalarie.com\/","name":"Patrick Alarie and his team - RE\/MAX Qu\u00e9bec","description":"Real Estate Brokers","potentialAction":[{"@type":"SearchAction","target":{"@type":"EntryPoint","urlTemplate":"https:\/\/patrickalarie.com\/?s={search_term_string}"},"query-input":{"@type":"PropertyValueSpecification","valueRequired":true,"valueName":"search_term_string"}}],"inLanguage":"en-US"}]}},"_links":{"self":[{"href":"https:\/\/patrickalarie.com\/en\/wp-json\/wp\/v2\/pages\/1462","targetHints":{"allow":["GET"]}}],"collection":[{"href":"https:\/\/patrickalarie.com\/en\/wp-json\/wp\/v2\/pages"}],"about":[{"href":"https:\/\/patrickalarie.com\/en\/wp-json\/wp\/v2\/types\/page"}],"author":[{"embeddable":true,"href":"https:\/\/patrickalarie.com\/en\/wp-json\/wp\/v2\/users\/121"}],"replies":[{"embeddable":true,"href":"https:\/\/patrickalarie.com\/en\/wp-json\/wp\/v2\/comments?post=1462"}],"version-history":[{"count":0,"href":"https:\/\/patrickalarie.com\/en\/wp-json\/wp\/v2\/pages\/1462\/revisions"}],"up":[{"embeddable":true,"href":"https:\/\/patrickalarie.com\/en\/wp-json\/wp\/v2\/pages\/34"}],"wp:attachment":[{"href":"https:\/\/patrickalarie.com\/en\/wp-json\/wp\/v2\/media?parent=1462"}],"curies":[{"name":"wp","href":"https:\/\/api.w.org\/{rel}","templated":true}]}}